{"id":835,"date":"2015-09-21T17:28:53","date_gmt":"2015-09-21T15:28:53","guid":{"rendered":"http:\/\/www.albeck-berlin.de\/?page_id=611"},"modified":"2017-03-20T14:11:07","modified_gmt":"2017-03-20T13:11:07","slug":"ueber-uns","status":"publish","type":"page","link":"https:\/\/www.albeck-berlin.de\/?page_id=835","title":{"rendered":"\u00dcBER UNS"},"content":{"rendered":"<p><div  class=\"fusion-fullwidth fullwidth-box fusion-blend-mode nonhundred-percent-fullwidth\"  style='background-color: rgba(255,255,255,0);background-position: center center;background-repeat: no-repeat;padding-top:0px;padding-right:0px;padding-bottom:0px;padding-left:0px;'><div class=\"fusion-builder-row fusion-row \"><div  class=\"fusion-layout-column fusion_builder_column fusion_builder_column_1_1  fusion-one-full fusion-column-first fusion-column-last 1_1\"  style='margin-top:0px;margin-bottom:0px;'>\n\t\t\t\t\t<div class=\"fusion-column-wrapper\" style=\"background-position:left top;background-repeat:no-repeat;-webkit-background-size:cover;-moz-background-size:cover;-o-background-size:cover;background-size:cover;\"  data-bg-url=\"\">\n\t\t\t\t\t\t<div class=\"fusion-sep-clear\"><\/div><div class=\"fusion-separator fusion-full-width-sep sep-none\" style=\"margin-left: auto;margin-right: auto;margin-top:40px;\"><\/div><div class=\"fusion-clearfix\"><\/div>\n\n\t\t\t\t\t<\/div>\n\t\t\t\t<\/div><\/div><\/div><div  class=\"fusion-fullwidth fullwidth-box fusion-blend-mode nonhundred-percent-fullwidth\"  style='background-color: rgba(255,255,255,0.8);background-position: left top;background-repeat: no-repeat;padding-top:60px;padding-right:60px;padding-bottom:0px;padding-left:60px;border-top-width:0px;border-bottom-width:0px;border-color:#eae9e9;border-top-style:solid;border-bottom-style:solid;'><div class=\"fusion-builder-row fusion-row \"><div  class=\"fusion-layout-column fusion_builder_column fusion_builder_column_1_1  fusion-one-full fusion-column-first fusion-column-last fusion-column-no-min-height 1_1\"  style='margin-top:0px;margin-bottom:0px;'>\n\t\t\t\t\t<div class=\"fusion-column-wrapper\" style=\"background-position:left top;background-repeat:no-repeat;-webkit-background-size:cover;-moz-background-size:cover;-o-background-size:cover;background-size:cover;\"  data-bg-url=\"\">\n\t\t\t\t\t\t<h1>Tradition und Werte!<\/h1>\n<p>Wir sind ein Familienunternehmen, das sich in der dritten Generation mit dem Erwerb von Bestandsimmobilien besch\u00e4ftigt.<br \/>\nAuch die Verwaltung von eigenem Grundbesitz sowie die Weiterentwicklung geh\u00f6ren zu unserem T\u00e4tigkeitsfeld.<\/p>\n<p>Unser Portfolio enth\u00e4lt \u00fcberwiegend Grundbesitz in Berlin.<br \/>\nHierzu geh\u00f6ren sowohl Wohnanlagen, als auch Wohn- und Gesch\u00e4ftsh\u00e4user, Einkaufszentren und Gewerbeimmobilien.<br \/>\nEin weiteres Standbein ist der Besitz sowie die Betreibung von eigenen Hotels.<\/p>\n<p><a title=\"Portfolio\" href=\"http:\/\/albeck-berlin.de\/?page_id=519\">Zu einem Auszug aus unserem Portfolio<\/a><\/p>\n<p>Hierbei folgen wir stets unserer Philosophie: die langfristige Schaffung und der Erhalt von Werten<\/p>\n<p><strong>\u00a0<\/strong>Diesem Gedanken folgend sind wir st\u00e4ndig auf der Suche nach geeigneten Immobilien gem\u00e4\u00df unserem Ankaufsprofil.<\/p>\n<p>&nbsp;<\/p>\n<p>Wir freuen uns auf eine gute und vertrauensvolle Zusammenarbeit.<\/p>\n<p><img loading=\"lazy\" class=\"alignnone size-full wp-image-1273\" src=\"http:\/\/www.albeck-berlin.de\/wp-content\/uploads\/2017\/03\/sign1.png\" alt=\"\" width=\"332\" height=\"50\" srcset=\"https:\/\/www.albeck-berlin.de\/wp-content\/uploads\/2017\/03\/sign1-200x30.png 200w, https:\/\/www.albeck-berlin.de\/wp-content\/uploads\/2017\/03\/sign1-300x45.png 300w, https:\/\/www.albeck-berlin.de\/wp-content\/uploads\/2017\/03\/sign1.png 332w\" sizes=\"(max-width: 332px) 100vw, 332px\" \/><\/p>\n<p>&nbsp;<\/p>\n<div class=\"fusion-clearfix\"><\/div>\n\n\t\t\t\t\t<\/div>\n\t\t\t\t<\/div><\/div><\/div><\/p>\n","protected":false},"excerpt":{"rendered":"","protected":false},"author":1,"featured_media":0,"parent":0,"menu_order":0,"comment_status":"closed","ping_status":"closed","template":"100-width.php","meta":[],"_links":{"self":[{"href":"https:\/\/www.albeck-berlin.de\/index.php?rest_route=\/wp\/v2\/pages\/835"}],"collection":[{"href":"https:\/\/www.albeck-berlin.de\/index.php?rest_route=\/wp\/v2\/pages"}],"about":[{"href":"https:\/\/www.albeck-berlin.de\/index.php?rest_route=\/wp\/v2\/types\/page"}],"author":[{"embeddable":true,"href":"https:\/\/www.albeck-berlin.de\/index.php?rest_route=\/wp\/v2\/users\/1"}],"replies":[{"embeddable":true,"href":"https:\/\/www.albeck-berlin.de\/index.php?rest_route=%2Fwp%2Fv2%2Fcomments&post=835"}],"version-history":[{"count":14,"href":"https:\/\/www.albeck-berlin.de\/index.php?rest_route=\/wp\/v2\/pages\/835\/revisions"}],"predecessor-version":[{"id":1283,"href":"https:\/\/www.albeck-berlin.de\/index.php?rest_route=\/wp\/v2\/pages\/835\/revisions\/1283"}],"wp:attachment":[{"href":"https:\/\/www.albeck-berlin.de\/index.php?rest_route=%2Fwp%2Fv2%2Fmedia&parent=835"}],"curies":[{"name":"wp","href":"https:\/\/api.w.org\/{rel}","templated":true}]}}